{"id":237,"date":"2019-05-13T08:20:45","date_gmt":"2019-05-13T13:20:45","guid":{"rendered":"https:\/\/ld-wp73.template-help.com\/woostroid2\/skins\/fashion2\/?page_id=237"},"modified":"2024-02-15T05:53:06","modified_gmt":"2024-02-15T10:53:06","slug":"quienes-somos","status":"publish","type":"page","link":"https:\/\/cottonlittlethings.com\/es\/quienes-somos\/","title":{"rendered":"Qui\u00e9nes somos"},"content":{"rendered":"\t\t<div data-elementor-type=\"wp-post\" data-elementor-id=\"237\" class=\"elementor elementor-237\">\n\t\t\t\t\t\t\t\t\t<section class=\"elementor-section elementor-top-section elementor-element elementor-element-1d645d6 elementor-section-boxed elementor-section-height-default elementor-section-height-default\" data-id=\"1d645d6\" data-element_type=\"section\" data-settings=\"{&quot;jet_parallax_layout_list&quot;:[{&quot;jet_parallax_layout_image&quot;:{&quot;url&quot;:&quot;&quot;,&quot;id&quot;:&quot;&quot;,&quot;size&quot;:&quot;&quot;},&quot;_id&quot;:&quot;647f81f&quot;,&quot;jet_parallax_layout_image_tablet&quot;:{&quot;url&quot;:&quot;&quot;,&quot;id&quot;:&quot;&quot;,&quot;size&quot;:&quot;&quot;},&quot;jet_parallax_layout_image_mobile&quot;:{&quot;url&quot;:&quot;&quot;,&quot;id&quot;:&quot;&quot;,&quot;size&quot;:&quot;&quot;},&quot;jet_parallax_layout_speed&quot;:{&quot;unit&quot;:&quot;%&quot;,&quot;size&quot;:50,&quot;sizes&quot;:[]},&quot;jet_parallax_layout_type&quot;:&quot;scroll&quot;,&quot;jet_parallax_layout_direction&quot;:null,&quot;jet_parallax_layout_fx_direction&quot;:null,&quot;jet_parallax_layout_z_index&quot;:&quot;&quot;,&quot;jet_parallax_layout_bg_x&quot;:50,&quot;jet_parallax_layout_bg_x_tablet&quot;:&quot;&quot;,&quot;jet_parallax_layout_bg_x_mobile&quot;:&quot;&quot;,&quot;jet_parallax_layout_bg_y&quot;:50,&quot;jet_parallax_layout_bg_y_tablet&quot;:&quot;&quot;,&quot;jet_parallax_layout_bg_y_mobile&quot;:&quot;&quot;,&quot;jet_parallax_layout_bg_size&quot;:&quot;auto&quot;,&quot;jet_parallax_layout_bg_size_tablet&quot;:&quot;&quot;,&quot;jet_parallax_layout_bg_size_mobile&quot;:&quot;&quot;,&quot;jet_parallax_layout_animation_prop&quot;:&quot;transform&quot;,&quot;jet_parallax_layout_on&quot;:[&quot;desktop&quot;,&quot;tablet&quot;]}]}\">\n\t\t\t\t\t\t<div class=\"elementor-container elementor-column-gap-default\">\n\t\t\t\t\t<div class=\"elementor-column elementor-col-100 elementor-top-column elementor-element elementor-element-6a8cc23\" data-id=\"6a8cc23\" data-element_type=\"column\">\n\t\t\t<div class=\"elementor-widget-wrap elementor-element-populated\">\n\t\t\t\t\t\t\t\t<div class=\"elementor-element elementor-element-37041a8 elementor-widget elementor-widget-jet-breadcrumbs\" data-id=\"37041a8\" data-element_type=\"widget\" data-widget_type=\"jet-breadcrumbs.default\">\n\t\t\t\t<div class=\"elementor-widget-container\">\n\t\t\t<div class=\"elementor-jet-breadcrumbs jet-blocks\">\n\t\t<div class=\"jet-breadcrumbs\">\n\t\t<div class=\"jet-breadcrumbs__content\">\n\t\t<div class=\"jet-breadcrumbs__wrap\"><div class=\"jet-breadcrumbs__item\"><a href=\"https:\/\/cottonlittlethings.com\/es\/\" class=\"jet-breadcrumbs__item-link is-home\" rel=\"home\" title=\"Inicio\">Inicio<\/a><\/div>\n\t\t<\/div>\n\t\t<\/div>\n\t\t<\/div><\/div>\t\t<\/div>\n\t\t\t\t<\/div>\n\t\t\t\t\t<\/div>\n\t\t<\/div>\n\t\t\t\t\t\t\t<\/div>\n\t\t<\/section>\n\t\t\t\t<section class=\"elementor-section elementor-top-section elementor-element elementor-element-09a3dff elementor-section-boxed elementor-section-height-default elementor-section-height-default\" data-id=\"09a3dff\" data-element_type=\"section\" data-settings=\"{&quot;jet_parallax_layout_list&quot;:[{&quot;jet_parallax_layout_image&quot;:{&quot;url&quot;:&quot;&quot;,&quot;id&quot;:&quot;&quot;,&quot;size&quot;:&quot;&quot;},&quot;_id&quot;:&quot;d137355&quot;,&quot;jet_parallax_layout_image_tablet&quot;:{&quot;url&quot;:&quot;&quot;,&quot;id&quot;:&quot;&quot;,&quot;size&quot;:&quot;&quot;},&quot;jet_parallax_layout_image_mobile&quot;:{&quot;url&quot;:&quot;&quot;,&quot;id&quot;:&quot;&quot;,&quot;size&quot;:&quot;&quot;},&quot;jet_parallax_layout_speed&quot;:{&quot;unit&quot;:&quot;%&quot;,&quot;size&quot;:50,&quot;sizes&quot;:[]},&quot;jet_parallax_layout_type&quot;:&quot;scroll&quot;,&quot;jet_parallax_layout_direction&quot;:null,&quot;jet_parallax_layout_fx_direction&quot;:null,&quot;jet_parallax_layout_z_index&quot;:&quot;&quot;,&quot;jet_parallax_layout_bg_x&quot;:50,&quot;jet_parallax_layout_bg_x_tablet&quot;:&quot;&quot;,&quot;jet_parallax_layout_bg_x_mobile&quot;:&quot;&quot;,&quot;jet_parallax_layout_bg_y&quot;:50,&quot;jet_parallax_layout_bg_y_tablet&quot;:&quot;&quot;,&quot;jet_parallax_layout_bg_y_mobile&quot;:&quot;&quot;,&quot;jet_parallax_layout_bg_size&quot;:&quot;auto&quot;,&quot;jet_parallax_layout_bg_size_tablet&quot;:&quot;&quot;,&quot;jet_parallax_layout_bg_size_mobile&quot;:&quot;&quot;,&quot;jet_parallax_layout_animation_prop&quot;:&quot;transform&quot;,&quot;jet_parallax_layout_on&quot;:[&quot;desktop&quot;,&quot;tablet&quot;]}]}\">\n\t\t\t\t\t\t<div class=\"elementor-container elementor-column-gap-default\">\n\t\t\t\t\t<div class=\"elementor-column elementor-col-100 elementor-top-column elementor-element elementor-element-84afd07\" data-id=\"84afd07\" data-element_type=\"column\">\n\t\t\t<div class=\"elementor-widget-wrap elementor-element-populated\">\n\t\t\t\t\t\t\t\t<div class=\"elementor-element elementor-element-3e9c0b3 elementor-widget elementor-widget-heading\" data-id=\"3e9c0b3\" data-element_type=\"widget\" data-widget_type=\"heading.default\">\n\t\t\t\t<div class=\"elementor-widget-container\">\n\t\t\t<style>\/*! elementor - v3.17.0 - 01-11-2023 *\/\n.elementor-heading-title{padding:0;margin:0;line-height:1}.elementor-widget-heading .elementor-heading-title[class*=elementor-size-]>a{color:inherit;font-size:inherit;line-height:inherit}.elementor-widget-heading .elementor-heading-title.elementor-size-small{font-size:15px}.elementor-widget-heading .elementor-heading-title.elementor-size-medium{font-size:19px}.elementor-widget-heading .elementor-heading-title.elementor-size-large{font-size:29px}.elementor-widget-heading .elementor-heading-title.elementor-size-xl{font-size:39px}.elementor-widget-heading .elementor-heading-title.elementor-size-xxl{font-size:59px}<\/style><h1 class=\"elementor-heading-title elementor-size-default\">Qui\u00e9nes somos<\/h1>\t\t<\/div>\n\t\t\t\t<\/div>\n\t\t\t\t\t<\/div>\n\t\t<\/div>\n\t\t\t\t\t\t\t<\/div>\n\t\t<\/section>\n\t\t\t\t<section class=\"elementor-section elementor-top-section elementor-element elementor-element-41a031b elementor-section-content-middle elementor-section-boxed elementor-section-height-default elementor-section-height-default\" data-id=\"41a031b\" data-element_type=\"section\" data-settings=\"{&quot;jet_parallax_layout_list&quot;:[{&quot;jet_parallax_layout_image&quot;:{&quot;url&quot;:&quot;&quot;,&quot;id&quot;:&quot;&quot;,&quot;size&quot;:&quot;&quot;},&quot;_id&quot;:&quot;d137355&quot;,&quot;jet_parallax_layout_image_tablet&quot;:{&quot;url&quot;:&quot;&quot;,&quot;id&quot;:&quot;&quot;,&quot;size&quot;:&quot;&quot;},&quot;jet_parallax_layout_image_mobile&quot;:{&quot;url&quot;:&quot;&quot;,&quot;id&quot;:&quot;&quot;,&quot;size&quot;:&quot;&quot;},&quot;jet_parallax_layout_speed&quot;:{&quot;unit&quot;:&quot;%&quot;,&quot;size&quot;:50,&quot;sizes&quot;:[]},&quot;jet_parallax_layout_type&quot;:&quot;scroll&quot;,&quot;jet_parallax_layout_direction&quot;:null,&quot;jet_parallax_layout_fx_direction&quot;:null,&quot;jet_parallax_layout_z_index&quot;:&quot;&quot;,&quot;jet_parallax_layout_bg_x&quot;:50,&quot;jet_parallax_layout_bg_x_tablet&quot;:&quot;&quot;,&quot;jet_parallax_layout_bg_x_mobile&quot;:&quot;&quot;,&quot;jet_parallax_layout_bg_y&quot;:50,&quot;jet_parallax_layout_bg_y_tablet&quot;:&quot;&quot;,&quot;jet_parallax_layout_bg_y_mobile&quot;:&quot;&quot;,&quot;jet_parallax_layout_bg_size&quot;:&quot;auto&quot;,&quot;jet_parallax_layout_bg_size_tablet&quot;:&quot;&quot;,&quot;jet_parallax_layout_bg_size_mobile&quot;:&quot;&quot;,&quot;jet_parallax_layout_animation_prop&quot;:&quot;transform&quot;,&quot;jet_parallax_layout_on&quot;:[&quot;desktop&quot;,&quot;tablet&quot;]}]}\">\n\t\t\t\t\t\t<div class=\"elementor-container elementor-column-gap-default\">\n\t\t\t\t\t<div class=\"elementor-column elementor-col-50 elementor-top-column elementor-element elementor-element-8e73c76\" data-id=\"8e73c76\" data-element_type=\"column\">\n\t\t\t<div class=\"elementor-widget-wrap elementor-element-populated\">\n\t\t\t\t\t\t\t\t<div class=\"elementor-element elementor-element-67208ea elementor-widget elementor-widget-image\" data-id=\"67208ea\" data-element_type=\"widget\" data-widget_type=\"image.default\">\n\t\t\t\t<div class=\"elementor-widget-container\">\n\t\t\t<style>\/*! elementor - v3.17.0 - 01-11-2023 *\/\n.elementor-widget-image{text-align:center}.elementor-widget-image a{display:inline-block}.elementor-widget-image a img[src$=\".svg\"]{width:48px}.elementor-widget-image img{vertical-align:middle;display:inline-block}<\/style>\t\t\t\t\t\t\t\t\t\t\t\t<img decoding=\"async\" src=\"https:\/\/cottonlittlethings.com\/wp-content\/uploads\/elementor\/thumbs\/Quienes-somos-qeop43npqg57vw1ic91jaa1chthbkrs6dsteg3yqyo.jpg\" title=\"Qui\u00e9nes somos\" alt=\"Qui\u00e9nes somos\" loading=\"lazy\" \/>\t\t\t\t\t\t\t\t\t\t\t\t\t\t\t<\/div>\n\t\t\t\t<\/div>\n\t\t\t\t\t<\/div>\n\t\t<\/div>\n\t\t\t\t<div class=\"elementor-column elementor-col-50 elementor-top-column elementor-element elementor-element-b11c90b\" data-id=\"b11c90b\" data-element_type=\"column\">\n\t\t\t<div class=\"elementor-widget-wrap elementor-element-populated\">\n\t\t\t\t\t\t\t\t<div class=\"elementor-element elementor-element-ca992c3 elementor-widget elementor-widget-heading\" data-id=\"ca992c3\" data-element_type=\"widget\" data-widget_type=\"heading.default\">\n\t\t\t\t<div class=\"elementor-widget-container\">\n\t\t\t<h2 class=\"elementor-heading-title elementor-size-default\">C\u00f3mo empez\u00f3 todo...<\/h2>\t\t<\/div>\n\t\t\t\t<\/div>\n\t\t\t\t<div class=\"elementor-element elementor-element-1518e7a elementor-widget elementor-widget-text-editor\" data-id=\"1518e7a\" data-element_type=\"widget\" data-widget_type=\"text-editor.default\">\n\t\t\t\t<div class=\"elementor-widget-container\">\n\t\t\t<style>\/*! elementor - v3.17.0 - 01-11-2023 *\/\n.elementor-widget-text-editor.elementor-drop-cap-view-stacked .elementor-drop-cap{background-color:#69727d;color:#fff}.elementor-widget-text-editor.elementor-drop-cap-view-framed .elementor-drop-cap{color:#69727d;border:3px solid;background-color:transparent}.elementor-widget-text-editor:not(.elementor-drop-cap-view-default) .elementor-drop-cap{margin-top:8px}.elementor-widget-text-editor:not(.elementor-drop-cap-view-default) .elementor-drop-cap-letter{width:1em;height:1em}.elementor-widget-text-editor .elementor-drop-cap{float:left;text-align:center;line-height:1;font-size:50px}.elementor-widget-text-editor .elementor-drop-cap-letter{display:inline-block}<\/style>\t\t\t\t<p>Hace calor y huele a cereal seco,&#8230; Aunque si prestas atenci\u00f3n a los sentidos, tambi\u00e9n huele a lavanda, que es a lo que huele el viento en la Provenza.<\/p><p>Hay una luz que te ciega&#8230; Luz que inspir\u00f3 a los impresionistas a cambiar el mundo de la pintura y hacerlo mucho m\u00e1s luminoso y colorista.\u200b<\/p><p>La Provenza nos ha ayudado tambi\u00e9n a nosotros a cambiar. A transformarnos en una marca mucho m\u00e1s personal. El estilo de siempre con un renovado giro hacia dentro, hacia lo que siempre fuimos&#8230; Provenza en estado puro&#8230; En el color, suave que te acaricia &#8230;. En el tacto limpio del algod\u00f3n &#8230; En los patrones holgados y sin l\u00edmites&#8230; Sencillez, comodidad y calidez &#8230;.<\/p><p>Un abrazo.<\/p>\t\t\t\t\t\t<\/div>\n\t\t\t\t<\/div>\n\t\t\t\t\t<\/div>\n\t\t<\/div>\n\t\t\t\t\t\t\t<\/div>\n\t\t<\/section>\n\t\t\t\t\t\t\t<\/div>\n\t\t","protected":false},"excerpt":{"rendered":"<p>Inicio Qui\u00e9nes somos C\u00f3mo empez\u00f3 todo&#8230; Hace calor y huele a cereal seco,&#8230; Aunque si prestas atenci\u00f3n a los sentidos, tambi\u00e9n huele a lavanda, que es a lo que huele el viento en la Provenza. Hay una luz que te ciega&#8230; Luz que inspir\u00f3 a los impresionistas a cambiar el mundo de la pintura y [&hellip;]<\/p>\n","protected":false},"author":1,"featured_media":0,"parent":0,"menu_order":0,"comment_status":"closed","ping_status":"closed","template":"page-templates\/fullwidth-content.php","meta":{"footnotes":""},"class_list":["post-237","page","type-page","status-publish","hentry"],"yoast_head":"<!-- This site is optimized with the Yoast SEO plugin v21.5 - https:\/\/yoast.com\/wordpress\/plugins\/seo\/ -->\n<title>Moda Beb\u00e9 online - calidad y tendencia en un clic<\/title>\n<meta name=\"description\" content=\"Explora lo \u00faltimo en moda para beb\u00e9s. Calidad superior y tendencias actuales, todo a un clic de distancia.\" \/>\n<meta name=\"robots\" content=\"index, follow, max-snippet:-1, max-image-preview:large, max-video-preview:-1\" \/>\n<link rel=\"canonical\" href=\"https:\/\/cottonlittlethings.com\/es\/quienes-somos\/\" \/>\n<meta property=\"og:locale\" content=\"es_ES\" \/>\n<meta property=\"og:type\" content=\"article\" \/>\n<meta property=\"og:title\" content=\"Moda Beb\u00e9 online - calidad y tendencia en un clic\" \/>\n<meta property=\"og:description\" content=\"Explora lo \u00faltimo en moda para beb\u00e9s. Calidad superior y tendencias actuales, todo a un clic de distancia.\" \/>\n<meta property=\"og:url\" content=\"https:\/\/cottonlittlethings.com\/es\/quienes-somos\/\" \/>\n<meta property=\"og:site_name\" content=\"Cotton Little Things\" \/>\n<meta property=\"article:publisher\" content=\"https:\/\/es-es.facebook.com\/pages\/category\/Baby-Goods-Kids-Goods\/CottonCo-Baby-Accessories-841958425980222\/\" \/>\n<meta property=\"article:modified_time\" content=\"2024-02-15T10:53:06+00:00\" \/>\n<meta property=\"og:image\" content=\"https:\/\/cottonlittlethings.com\/wp-content\/uploads\/elementor\/thumbs\/Quienes-somos-qeomi4qkhpi97aje24r8ihpek2nb23q7soww99an0g.jpg\" \/>\n<meta name=\"twitter:card\" content=\"summary_large_image\" \/>\n<meta name=\"twitter:label1\" content=\"Tiempo de lectura\" \/>\n\t<meta name=\"twitter:data1\" content=\"1 minuto\" \/>\n<script type=\"application\/ld+json\" class=\"yoast-schema-graph\">{\"@context\":\"https:\/\/schema.org\",\"@graph\":[{\"@type\":\"WebPage\",\"@id\":\"https:\/\/cottonlittlethings.com\/es\/quienes-somos\/\",\"url\":\"https:\/\/cottonlittlethings.com\/es\/quienes-somos\/\",\"name\":\"Moda Beb\u00e9 online - calidad y tendencia en un clic\",\"isPartOf\":{\"@id\":\"https:\/\/cottonlittlethings.com\/es\/#website\"},\"datePublished\":\"2019-05-13T13:20:45+00:00\",\"dateModified\":\"2024-02-15T10:53:06+00:00\",\"description\":\"Explora lo \u00faltimo en moda para beb\u00e9s. Calidad superior y tendencias actuales, todo a un clic de distancia.\",\"breadcrumb\":{\"@id\":\"https:\/\/cottonlittlethings.com\/es\/quienes-somos\/#breadcrumb\"},\"inLanguage\":\"es\",\"potentialAction\":[{\"@type\":\"ReadAction\",\"target\":[\"https:\/\/cottonlittlethings.com\/es\/quienes-somos\/\"]}]},{\"@type\":\"BreadcrumbList\",\"@id\":\"https:\/\/cottonlittlethings.com\/es\/quienes-somos\/#breadcrumb\",\"itemListElement\":[{\"@type\":\"ListItem\",\"position\":1,\"name\":\"Home\",\"item\":\"https:\/\/cottonlittlethings.com\/es\/\"},{\"@type\":\"ListItem\",\"position\":2,\"name\":\"Qui\u00e9nes somos\"}]},{\"@type\":\"WebSite\",\"@id\":\"https:\/\/cottonlittlethings.com\/es\/#website\",\"url\":\"https:\/\/cottonlittlethings.com\/es\/\",\"name\":\"Cotton Little Things\",\"description\":\"Organic and mediterranean first things for babies\",\"publisher\":{\"@id\":\"https:\/\/cottonlittlethings.com\/es\/#organization\"},\"potentialAction\":[{\"@type\":\"SearchAction\",\"target\":{\"@type\":\"EntryPoint\",\"urlTemplate\":\"https:\/\/cottonlittlethings.com\/es\/?s={search_term_string}\"},\"query-input\":\"required name=search_term_string\"}],\"inLanguage\":\"es\"},{\"@type\":\"Organization\",\"@id\":\"https:\/\/cottonlittlethings.com\/es\/#organization\",\"name\":\"Cotton Little Things\",\"url\":\"https:\/\/cottonlittlethings.com\/es\/\",\"logo\":{\"@type\":\"ImageObject\",\"inLanguage\":\"es\",\"@id\":\"https:\/\/cottonlittlethings.com\/es\/#\/schema\/logo\/image\/\",\"url\":\"https:\/\/cottonlittlethings.com\/wp-content\/uploads\/2023\/10\/LOGO.png\",\"contentUrl\":\"https:\/\/cottonlittlethings.com\/wp-content\/uploads\/2023\/10\/LOGO.png\",\"width\":322,\"height\":69,\"caption\":\"Cotton Little Things\"},\"image\":{\"@id\":\"https:\/\/cottonlittlethings.com\/es\/#\/schema\/logo\/image\/\"},\"sameAs\":[\"https:\/\/es-es.facebook.com\/pages\/category\/Baby-Goods-Kids-Goods\/CottonCo-Baby-Accessories-841958425980222\/\",\"https:\/\/www.instagram.com\/cotton_littlethings\/\"]}]}<\/script>\n<!-- \/ Yoast SEO plugin. -->","yoast_head_json":{"title":"Moda Beb\u00e9 online - calidad y tendencia en un clic","description":"Explora lo \u00faltimo en moda para beb\u00e9s. Calidad superior y tendencias actuales, todo a un clic de distancia.","robots":{"index":"index","follow":"follow","max-snippet":"max-snippet:-1","max-image-preview":"max-image-preview:large","max-video-preview":"max-video-preview:-1"},"canonical":"https:\/\/cottonlittlethings.com\/es\/quienes-somos\/","og_locale":"es_ES","og_type":"article","og_title":"Moda Beb\u00e9 online - calidad y tendencia en un clic","og_description":"Explora lo \u00faltimo en moda para beb\u00e9s. Calidad superior y tendencias actuales, todo a un clic de distancia.","og_url":"https:\/\/cottonlittlethings.com\/es\/quienes-somos\/","og_site_name":"Cotton Little Things","article_publisher":"https:\/\/es-es.facebook.com\/pages\/category\/Baby-Goods-Kids-Goods\/CottonCo-Baby-Accessories-841958425980222\/","article_modified_time":"2024-02-15T10:53:06+00:00","og_image":[{"url":"https:\/\/cottonlittlethings.com\/wp-content\/uploads\/elementor\/thumbs\/Quienes-somos-qeomi4qkhpi97aje24r8ihpek2nb23q7soww99an0g.jpg"}],"twitter_card":"summary_large_image","twitter_misc":{"Tiempo de lectura":"1 minuto"},"schema":{"@context":"https:\/\/schema.org","@graph":[{"@type":"WebPage","@id":"https:\/\/cottonlittlethings.com\/es\/quienes-somos\/","url":"https:\/\/cottonlittlethings.com\/es\/quienes-somos\/","name":"Moda Beb\u00e9 online - calidad y tendencia en un clic","isPartOf":{"@id":"https:\/\/cottonlittlethings.com\/es\/#website"},"datePublished":"2019-05-13T13:20:45+00:00","dateModified":"2024-02-15T10:53:06+00:00","description":"Explora lo \u00faltimo en moda para beb\u00e9s. Calidad superior y tendencias actuales, todo a un clic de distancia.","breadcrumb":{"@id":"https:\/\/cottonlittlethings.com\/es\/quienes-somos\/#breadcrumb"},"inLanguage":"es","potentialAction":[{"@type":"ReadAction","target":["https:\/\/cottonlittlethings.com\/es\/quienes-somos\/"]}]},{"@type":"BreadcrumbList","@id":"https:\/\/cottonlittlethings.com\/es\/quienes-somos\/#breadcrumb","itemListElement":[{"@type":"ListItem","position":1,"name":"Home","item":"https:\/\/cottonlittlethings.com\/es\/"},{"@type":"ListItem","position":2,"name":"Qui\u00e9nes somos"}]},{"@type":"WebSite","@id":"https:\/\/cottonlittlethings.com\/es\/#website","url":"https:\/\/cottonlittlethings.com\/es\/","name":"Cotton Little Things","description":"Organic and mediterranean first things for babies","publisher":{"@id":"https:\/\/cottonlittlethings.com\/es\/#organization"},"potentialAction":[{"@type":"SearchAction","target":{"@type":"EntryPoint","urlTemplate":"https:\/\/cottonlittlethings.com\/es\/?s={search_term_string}"},"query-input":"required name=search_term_string"}],"inLanguage":"es"},{"@type":"Organization","@id":"https:\/\/cottonlittlethings.com\/es\/#organization","name":"Cotton Little Things","url":"https:\/\/cottonlittlethings.com\/es\/","logo":{"@type":"ImageObject","inLanguage":"es","@id":"https:\/\/cottonlittlethings.com\/es\/#\/schema\/logo\/image\/","url":"https:\/\/cottonlittlethings.com\/wp-content\/uploads\/2023\/10\/LOGO.png","contentUrl":"https:\/\/cottonlittlethings.com\/wp-content\/uploads\/2023\/10\/LOGO.png","width":322,"height":69,"caption":"Cotton Little Things"},"image":{"@id":"https:\/\/cottonlittlethings.com\/es\/#\/schema\/logo\/image\/"},"sameAs":["https:\/\/es-es.facebook.com\/pages\/category\/Baby-Goods-Kids-Goods\/CottonCo-Baby-Accessories-841958425980222\/","https:\/\/www.instagram.com\/cotton_littlethings\/"]}]}},"_links":{"self":[{"href":"https:\/\/cottonlittlethings.com\/es\/wp-json\/wp\/v2\/pages\/237","targetHints":{"allow":["GET"]}}],"collection":[{"href":"https:\/\/cottonlittlethings.com\/es\/wp-json\/wp\/v2\/pages"}],"about":[{"href":"https:\/\/cottonlittlethings.com\/es\/wp-json\/wp\/v2\/types\/page"}],"author":[{"embeddable":true,"href":"https:\/\/cottonlittlethings.com\/es\/wp-json\/wp\/v2\/users\/1"}],"replies":[{"embeddable":true,"href":"https:\/\/cottonlittlethings.com\/es\/wp-json\/wp\/v2\/comments?post=237"}],"version-history":[{"count":2,"href":"https:\/\/cottonlittlethings.com\/es\/wp-json\/wp\/v2\/pages\/237\/revisions"}],"predecessor-version":[{"id":1269,"href":"https:\/\/cottonlittlethings.com\/es\/wp-json\/wp\/v2\/pages\/237\/revisions\/1269"}],"wp:attachment":[{"href":"https:\/\/cottonlittlethings.com\/es\/wp-json\/wp\/v2\/media?parent=237"}],"curies":[{"name":"wp","href":"https:\/\/api.w.org\/{rel}","templated":true}]}}