{"id":966,"date":"2023-10-31T14:22:34","date_gmt":"2023-10-31T19:22:34","guid":{"rendered":"https:\/\/cottonlittlethings.com\/?page_id=966"},"modified":"2023-10-31T14:37:13","modified_gmt":"2023-10-31T19:37:13","slug":"condiciones-generales-de-compra","status":"publish","type":"page","link":"https:\/\/cottonlittlethings.com\/es\/condiciones-generales-de-compra\/","title":{"rendered":"Condiciones Generales de Compra"},"content":{"rendered":"\t\t<div data-elementor-type=\"wp-post\" data-elementor-id=\"966\" class=\"elementor elementor-966\">\n\t\t\t\t\t\t\t\t\t<section class=\"elementor-section elementor-top-section elementor-element elementor-element-1d645d6 elementor-section-boxed elementor-section-height-default elementor-section-height-default\" data-id=\"1d645d6\" data-element_type=\"section\" data-settings=\"{&quot;jet_parallax_layout_list&quot;:[{&quot;jet_parallax_layout_image&quot;:{&quot;url&quot;:&quot;&quot;,&quot;id&quot;:&quot;&quot;,&quot;size&quot;:&quot;&quot;},&quot;_id&quot;:&quot;647f81f&quot;,&quot;jet_parallax_layout_image_tablet&quot;:{&quot;url&quot;:&quot;&quot;,&quot;id&quot;:&quot;&quot;,&quot;size&quot;:&quot;&quot;},&quot;jet_parallax_layout_image_mobile&quot;:{&quot;url&quot;:&quot;&quot;,&quot;id&quot;:&quot;&quot;,&quot;size&quot;:&quot;&quot;},&quot;jet_parallax_layout_speed&quot;:{&quot;unit&quot;:&quot;%&quot;,&quot;size&quot;:50,&quot;sizes&quot;:[]},&quot;jet_parallax_layout_type&quot;:&quot;scroll&quot;,&quot;jet_parallax_layout_direction&quot;:null,&quot;jet_parallax_layout_fx_direction&quot;:null,&quot;jet_parallax_layout_z_index&quot;:&quot;&quot;,&quot;jet_parallax_layout_bg_x&quot;:50,&quot;jet_parallax_layout_bg_x_tablet&quot;:&quot;&quot;,&quot;jet_parallax_layout_bg_x_mobile&quot;:&quot;&quot;,&quot;jet_parallax_layout_bg_y&quot;:50,&quot;jet_parallax_layout_bg_y_tablet&quot;:&quot;&quot;,&quot;jet_parallax_layout_bg_y_mobile&quot;:&quot;&quot;,&quot;jet_parallax_layout_bg_size&quot;:&quot;auto&quot;,&quot;jet_parallax_layout_bg_size_tablet&quot;:&quot;&quot;,&quot;jet_parallax_layout_bg_size_mobile&quot;:&quot;&quot;,&quot;jet_parallax_layout_animation_prop&quot;:&quot;transform&quot;,&quot;jet_parallax_layout_on&quot;:[&quot;desktop&quot;,&quot;tablet&quot;]}]}\">\n\t\t\t\t\t\t<div class=\"elementor-container elementor-column-gap-default\">\n\t\t\t\t\t<div class=\"elementor-column elementor-col-100 elementor-top-column elementor-element elementor-element-6a8cc23\" data-id=\"6a8cc23\" data-element_type=\"column\">\n\t\t\t<div class=\"elementor-widget-wrap elementor-element-populated\">\n\t\t\t\t\t\t\t\t<div class=\"elementor-element elementor-element-37041a8 elementor-widget elementor-widget-jet-breadcrumbs\" data-id=\"37041a8\" data-element_type=\"widget\" data-widget_type=\"jet-breadcrumbs.default\">\n\t\t\t\t<div class=\"elementor-widget-container\">\n\t\t\t<div class=\"elementor-jet-breadcrumbs jet-blocks\">\n\t\t<div class=\"jet-breadcrumbs\">\n\t\t<div class=\"jet-breadcrumbs__content\">\n\t\t<div class=\"jet-breadcrumbs__wrap\"><div class=\"jet-breadcrumbs__item\"><a href=\"https:\/\/cottonlittlethings.com\/es\/\" class=\"jet-breadcrumbs__item-link is-home\" rel=\"home\" title=\"Inicio\">Inicio<\/a><\/div>\n\t\t<\/div>\n\t\t<\/div>\n\t\t<\/div><\/div>\t\t<\/div>\n\t\t\t\t<\/div>\n\t\t\t\t\t<\/div>\n\t\t<\/div>\n\t\t\t\t\t\t\t<\/div>\n\t\t<\/section>\n\t\t\t\t<section class=\"elementor-section elementor-top-section elementor-element elementor-element-09a3dff elementor-section-boxed elementor-section-height-default elementor-section-height-default\" data-id=\"09a3dff\" data-element_type=\"section\" data-settings=\"{&quot;jet_parallax_layout_list&quot;:[{&quot;jet_parallax_layout_image&quot;:{&quot;url&quot;:&quot;&quot;,&quot;id&quot;:&quot;&quot;,&quot;size&quot;:&quot;&quot;},&quot;_id&quot;:&quot;d137355&quot;,&quot;jet_parallax_layout_image_tablet&quot;:{&quot;url&quot;:&quot;&quot;,&quot;id&quot;:&quot;&quot;,&quot;size&quot;:&quot;&quot;},&quot;jet_parallax_layout_image_mobile&quot;:{&quot;url&quot;:&quot;&quot;,&quot;id&quot;:&quot;&quot;,&quot;size&quot;:&quot;&quot;},&quot;jet_parallax_layout_speed&quot;:{&quot;unit&quot;:&quot;%&quot;,&quot;size&quot;:50,&quot;sizes&quot;:[]},&quot;jet_parallax_layout_type&quot;:&quot;scroll&quot;,&quot;jet_parallax_layout_direction&quot;:null,&quot;jet_parallax_layout_fx_direction&quot;:null,&quot;jet_parallax_layout_z_index&quot;:&quot;&quot;,&quot;jet_parallax_layout_bg_x&quot;:50,&quot;jet_parallax_layout_bg_x_tablet&quot;:&quot;&quot;,&quot;jet_parallax_layout_bg_x_mobile&quot;:&quot;&quot;,&quot;jet_parallax_layout_bg_y&quot;:50,&quot;jet_parallax_layout_bg_y_tablet&quot;:&quot;&quot;,&quot;jet_parallax_layout_bg_y_mobile&quot;:&quot;&quot;,&quot;jet_parallax_layout_bg_size&quot;:&quot;auto&quot;,&quot;jet_parallax_layout_bg_size_tablet&quot;:&quot;&quot;,&quot;jet_parallax_layout_bg_size_mobile&quot;:&quot;&quot;,&quot;jet_parallax_layout_animation_prop&quot;:&quot;transform&quot;,&quot;jet_parallax_layout_on&quot;:[&quot;desktop&quot;,&quot;tablet&quot;]}]}\">\n\t\t\t\t\t\t<div class=\"elementor-container elementor-column-gap-default\">\n\t\t\t\t\t<div class=\"elementor-column elementor-col-100 elementor-top-column elementor-element elementor-element-84afd07\" data-id=\"84afd07\" data-element_type=\"column\">\n\t\t\t<div class=\"elementor-widget-wrap elementor-element-populated\">\n\t\t\t\t\t\t\t\t<div class=\"elementor-element elementor-element-3e9c0b3 elementor-widget elementor-widget-heading\" data-id=\"3e9c0b3\" data-element_type=\"widget\" data-widget_type=\"heading.default\">\n\t\t\t\t<div class=\"elementor-widget-container\">\n\t\t\t<style>\/*! elementor - v3.17.0 - 01-11-2023 *\/\n.elementor-heading-title{padding:0;margin:0;line-height:1}.elementor-widget-heading .elementor-heading-title[class*=elementor-size-]>a{color:inherit;font-size:inherit;line-height:inherit}.elementor-widget-heading .elementor-heading-title.elementor-size-small{font-size:15px}.elementor-widget-heading .elementor-heading-title.elementor-size-medium{font-size:19px}.elementor-widget-heading .elementor-heading-title.elementor-size-large{font-size:29px}.elementor-widget-heading .elementor-heading-title.elementor-size-xl{font-size:39px}.elementor-widget-heading .elementor-heading-title.elementor-size-xxl{font-size:59px}<\/style><h1 class=\"elementor-heading-title elementor-size-default\">Condiciones Generales de Compra<\/h1>\t\t<\/div>\n\t\t\t\t<\/div>\n\t\t\t\t\t<\/div>\n\t\t<\/div>\n\t\t\t\t\t\t\t<\/div>\n\t\t<\/section>\n\t\t\t\t<section class=\"elementor-section elementor-top-section elementor-element elementor-element-41a031b elementor-section-content-middle elementor-section-boxed elementor-section-height-default elementor-section-height-default\" data-id=\"41a031b\" data-element_type=\"section\" data-settings=\"{&quot;jet_parallax_layout_list&quot;:[{&quot;jet_parallax_layout_image&quot;:{&quot;url&quot;:&quot;&quot;,&quot;id&quot;:&quot;&quot;,&quot;size&quot;:&quot;&quot;},&quot;_id&quot;:&quot;d137355&quot;,&quot;jet_parallax_layout_image_tablet&quot;:{&quot;url&quot;:&quot;&quot;,&quot;id&quot;:&quot;&quot;,&quot;size&quot;:&quot;&quot;},&quot;jet_parallax_layout_image_mobile&quot;:{&quot;url&quot;:&quot;&quot;,&quot;id&quot;:&quot;&quot;,&quot;size&quot;:&quot;&quot;},&quot;jet_parallax_layout_speed&quot;:{&quot;unit&quot;:&quot;%&quot;,&quot;size&quot;:50,&quot;sizes&quot;:[]},&quot;jet_parallax_layout_type&quot;:&quot;scroll&quot;,&quot;jet_parallax_layout_direction&quot;:null,&quot;jet_parallax_layout_fx_direction&quot;:null,&quot;jet_parallax_layout_z_index&quot;:&quot;&quot;,&quot;jet_parallax_layout_bg_x&quot;:50,&quot;jet_parallax_layout_bg_x_tablet&quot;:&quot;&quot;,&quot;jet_parallax_layout_bg_x_mobile&quot;:&quot;&quot;,&quot;jet_parallax_layout_bg_y&quot;:50,&quot;jet_parallax_layout_bg_y_tablet&quot;:&quot;&quot;,&quot;jet_parallax_layout_bg_y_mobile&quot;:&quot;&quot;,&quot;jet_parallax_layout_bg_size&quot;:&quot;auto&quot;,&quot;jet_parallax_layout_bg_size_tablet&quot;:&quot;&quot;,&quot;jet_parallax_layout_bg_size_mobile&quot;:&quot;&quot;,&quot;jet_parallax_layout_animation_prop&quot;:&quot;transform&quot;,&quot;jet_parallax_layout_on&quot;:[&quot;desktop&quot;,&quot;tablet&quot;]}]}\">\n\t\t\t\t\t\t<div class=\"elementor-container elementor-column-gap-default\">\n\t\t\t\t\t<div class=\"elementor-column elementor-col-100 elementor-top-column elementor-element elementor-element-b11c90b\" data-id=\"b11c90b\" data-element_type=\"column\">\n\t\t\t<div class=\"elementor-widget-wrap elementor-element-populated\">\n\t\t\t\t\t\t\t\t<div class=\"elementor-element elementor-element-ca992c3 elementor-widget elementor-widget-heading\" data-id=\"ca992c3\" data-element_type=\"widget\" id=\"plazo\" data-widget_type=\"heading.default\">\n\t\t\t\t<div class=\"elementor-widget-container\">\n\t\t\t<h2 class=\"elementor-heading-title elementor-size-default\">Plazo de entrega<\/h2>\t\t<\/div>\n\t\t\t\t<\/div>\n\t\t\t\t<div class=\"elementor-element elementor-element-1518e7a elementor-widget elementor-widget-text-editor\" data-id=\"1518e7a\" data-element_type=\"widget\" data-widget_type=\"text-editor.default\">\n\t\t\t\t<div class=\"elementor-widget-container\">\n\t\t\t<style>\/*! elementor - v3.17.0 - 01-11-2023 *\/\n.elementor-widget-text-editor.elementor-drop-cap-view-stacked .elementor-drop-cap{background-color:#69727d;color:#fff}.elementor-widget-text-editor.elementor-drop-cap-view-framed .elementor-drop-cap{color:#69727d;border:3px solid;background-color:transparent}.elementor-widget-text-editor:not(.elementor-drop-cap-view-default) .elementor-drop-cap{margin-top:8px}.elementor-widget-text-editor:not(.elementor-drop-cap-view-default) .elementor-drop-cap-letter{width:1em;height:1em}.elementor-widget-text-editor .elementor-drop-cap{float:left;text-align:center;line-height:1;font-size:50px}.elementor-widget-text-editor .elementor-drop-cap-letter{display:inline-block}<\/style>\t\t\t\tEl tiempo de entrega depende de las referencias escogidas . Una vez procesemos tu pedido, te llegar\u00e1 un mail en el cual te diremos si tu pedidos sale el mismo d\u00eda, en un m\u00e1ximo de una semana o de 15 d\u00edas.\u200b\t\t\t\t\t\t<\/div>\n\t\t\t\t<\/div>\n\t\t\t\t<div class=\"elementor-element elementor-element-fcf13c9 elementor-widget elementor-widget-heading\" data-id=\"fcf13c9\" data-element_type=\"widget\" data-widget_type=\"heading.default\">\n\t\t\t\t<div class=\"elementor-widget-container\">\n\t\t\t<h2 class=\"elementor-heading-title elementor-size-default\">Gastos de env\u00edo<\/h2>\t\t<\/div>\n\t\t\t\t<\/div>\n\t\t\t\t<div class=\"elementor-element elementor-element-6970e2c elementor-widget elementor-widget-text-editor\" data-id=\"6970e2c\" data-element_type=\"widget\" data-widget_type=\"text-editor.default\">\n\t\t\t\t<div class=\"elementor-widget-container\">\n\t\t\t\t\t\t\t<p>Nuestra tarifa de env\u00edo contempla enviar el pedido a una \u00fanica destinaci\u00f3n y de una sola vez en Peninsula. Si necesitas que tu compra vaya a dos destinos distintos deber\u00e1s realizar un pedido para cada destinaci\u00f3n o realizar una transferencia por el importe de un segundo env\u00edo. En caso de ENV\u00cdO GRATIS, la oferta contempla \u00fanicamente 1 env\u00edo y un solo bulto independientemente del importe del pedido.<\/p><p>Las promociones de Free Shipping s\u00f3lo contemplan el env\u00edo gratuito seg\u00fan el pedido m\u00ednimo especificado en Espa\u00f1a Peninsula. Para env\u00edos a Canarias, Baleares o env\u00edos internacionales las tarifas no var\u00edan.<\/p><p>Para env\u00edos a Canarias, contactarnos a <a href=\"mailto:cottonaccesorios@gmail.com\">cottonaccesorios@gmail.com<\/a><\/p><p>Para env\u00edo a Baleares, el coste es de 18 \u20ac.<\/p><p>No nos hacemos responsables de los retrasos producidos por nuestra agencia de mensajer\u00eda, pero gestionaremos cualquier incidencia que se produzca durante el env\u00edo. Nuestro objetivo es que tengas tu pedido en casa lo antes posible siendo el plazo m\u00e1ximo de 3 semanas<\/p>\t\t\t\t\t\t<\/div>\n\t\t\t\t<\/div>\n\t\t\t\t<div class=\"elementor-element elementor-element-8cbf99f elementor-widget elementor-widget-heading\" data-id=\"8cbf99f\" data-element_type=\"widget\" id=\"devoluciones\" data-widget_type=\"heading.default\">\n\t\t\t\t<div class=\"elementor-widget-container\">\n\t\t\t<h2 class=\"elementor-heading-title elementor-size-default\">Devoluciones 30 d\u00edas<\/h2>\t\t<\/div>\n\t\t\t\t<\/div>\n\t\t\t\t<div class=\"elementor-element elementor-element-5d3ffa7 elementor-widget elementor-widget-text-editor\" data-id=\"5d3ffa7\" data-element_type=\"widget\" data-widget_type=\"text-editor.default\">\n\t\t\t\t<div class=\"elementor-widget-container\">\n\t\t\t\t\t\t\t<p>Si tu compra en nuestra web no se ajusta a lo que esperabas puedes devolvernos los productos hasta 30 d\u00edas desde recepci\u00f3n del pedido.<\/p><p>Solo necesitas enviar el producto o los productos a nuestro Showroom en Barcelona (Llu\u00eds Companys, 56 08329 Tei\u00e0 BCN). Los costes del env\u00edo de la devoluci\u00f3n corren a cargo del comprador como indica El Art. 44 de la Ley 7\/1996, de 15 de enero, de Ordenaci\u00f3n del Comercio Minorista. Nos resulta de mucha ayuda que junto con el producto, venga el albar\u00e1n de entrega.<\/p><p>Una vez recibida y comprobada la devoluci\u00f3n, procederemos al reembolso del importe exceptuando los costes de transporte, si es que ha habido alguno.<\/p>\t\t\t\t\t\t<\/div>\n\t\t\t\t<\/div>\n\t\t\t\t\t<\/div>\n\t\t<\/div>\n\t\t\t\t\t\t\t<\/div>\n\t\t<\/section>\n\t\t\t\t\t\t\t<\/div>\n\t\t","protected":false},"excerpt":{"rendered":"<p>Inicio Condiciones Generales de Compra Plazo de entrega El tiempo de entrega depende de las referencias escogidas . Una vez procesemos tu pedido, te llegar\u00e1 un mail en el cual te diremos si tu pedidos sale el mismo d\u00eda, en un m\u00e1ximo de una semana o de 15 d\u00edas.\u200b Gastos de env\u00edo Nuestra tarifa de [&hellip;]<\/p>\n","protected":false},"author":1,"featured_media":0,"parent":0,"menu_order":0,"comment_status":"closed","ping_status":"closed","template":"page-templates\/fullwidth-content.php","meta":{"footnotes":""},"class_list":["post-966","page","type-page","status-publish","hentry"],"yoast_head":"<!-- This site is optimized with the Yoast SEO plugin v21.5 - https:\/\/yoast.com\/wordpress\/plugins\/seo\/ -->\n<title>Condiciones Generales de Compra - Cotton Little Things<\/title>\n<meta name=\"robots\" content=\"index, follow, max-snippet:-1, max-image-preview:large, max-video-preview:-1\" \/>\n<link rel=\"canonical\" href=\"https:\/\/cottonlittlethings.com\/es\/condiciones-generales-de-compra\/\" \/>\n<meta property=\"og:locale\" content=\"es_ES\" \/>\n<meta property=\"og:type\" content=\"article\" \/>\n<meta property=\"og:title\" content=\"Condiciones Generales de Compra - Cotton Little Things\" \/>\n<meta property=\"og:description\" content=\"Inicio Condiciones Generales de Compra Plazo de entrega El tiempo de entrega depende de las referencias escogidas . Una vez procesemos tu pedido, te llegar\u00e1 un mail en el cual te diremos si tu pedidos sale el mismo d\u00eda, en un m\u00e1ximo de una semana o de 15 d\u00edas.\u200b Gastos de env\u00edo Nuestra tarifa de [&hellip;]\" \/>\n<meta property=\"og:url\" content=\"https:\/\/cottonlittlethings.com\/es\/condiciones-generales-de-compra\/\" \/>\n<meta property=\"og:site_name\" content=\"Cotton Little Things\" \/>\n<meta property=\"article:publisher\" content=\"https:\/\/es-es.facebook.com\/pages\/category\/Baby-Goods-Kids-Goods\/CottonCo-Baby-Accessories-841958425980222\/\" \/>\n<meta property=\"article:modified_time\" content=\"2023-10-31T19:37:13+00:00\" \/>\n<meta name=\"twitter:card\" content=\"summary_large_image\" \/>\n<meta name=\"twitter:label1\" content=\"Tiempo de lectura\" \/>\n\t<meta name=\"twitter:data1\" content=\"2 minutos\" \/>\n<script type=\"application\/ld+json\" class=\"yoast-schema-graph\">{\"@context\":\"https:\/\/schema.org\",\"@graph\":[{\"@type\":\"WebPage\",\"@id\":\"https:\/\/cottonlittlethings.com\/es\/condiciones-generales-de-compra\/\",\"url\":\"https:\/\/cottonlittlethings.com\/es\/condiciones-generales-de-compra\/\",\"name\":\"Condiciones Generales de Compra - Cotton Little Things\",\"isPartOf\":{\"@id\":\"https:\/\/cottonlittlethings.com\/es\/#website\"},\"datePublished\":\"2023-10-31T19:22:34+00:00\",\"dateModified\":\"2023-10-31T19:37:13+00:00\",\"breadcrumb\":{\"@id\":\"https:\/\/cottonlittlethings.com\/es\/condiciones-generales-de-compra\/#breadcrumb\"},\"inLanguage\":\"es\",\"potentialAction\":[{\"@type\":\"ReadAction\",\"target\":[\"https:\/\/cottonlittlethings.com\/es\/condiciones-generales-de-compra\/\"]}]},{\"@type\":\"BreadcrumbList\",\"@id\":\"https:\/\/cottonlittlethings.com\/es\/condiciones-generales-de-compra\/#breadcrumb\",\"itemListElement\":[{\"@type\":\"ListItem\",\"position\":1,\"name\":\"Home\",\"item\":\"https:\/\/cottonlittlethings.com\/es\/\"},{\"@type\":\"ListItem\",\"position\":2,\"name\":\"Condiciones Generales de Compra\"}]},{\"@type\":\"WebSite\",\"@id\":\"https:\/\/cottonlittlethings.com\/es\/#website\",\"url\":\"https:\/\/cottonlittlethings.com\/es\/\",\"name\":\"Cotton Little Things\",\"description\":\"Organic and mediterranean first things for babies\",\"publisher\":{\"@id\":\"https:\/\/cottonlittlethings.com\/es\/#organization\"},\"potentialAction\":[{\"@type\":\"SearchAction\",\"target\":{\"@type\":\"EntryPoint\",\"urlTemplate\":\"https:\/\/cottonlittlethings.com\/es\/?s={search_term_string}\"},\"query-input\":\"required name=search_term_string\"}],\"inLanguage\":\"es\"},{\"@type\":\"Organization\",\"@id\":\"https:\/\/cottonlittlethings.com\/es\/#organization\",\"name\":\"Cotton Little Things\",\"url\":\"https:\/\/cottonlittlethings.com\/es\/\",\"logo\":{\"@type\":\"ImageObject\",\"inLanguage\":\"es\",\"@id\":\"https:\/\/cottonlittlethings.com\/es\/#\/schema\/logo\/image\/\",\"url\":\"https:\/\/cottonlittlethings.com\/wp-content\/uploads\/2023\/10\/LOGO.png\",\"contentUrl\":\"https:\/\/cottonlittlethings.com\/wp-content\/uploads\/2023\/10\/LOGO.png\",\"width\":322,\"height\":69,\"caption\":\"Cotton Little Things\"},\"image\":{\"@id\":\"https:\/\/cottonlittlethings.com\/es\/#\/schema\/logo\/image\/\"},\"sameAs\":[\"https:\/\/es-es.facebook.com\/pages\/category\/Baby-Goods-Kids-Goods\/CottonCo-Baby-Accessories-841958425980222\/\",\"https:\/\/www.instagram.com\/cotton_littlethings\/\"]}]}<\/script>\n<!-- \/ Yoast SEO plugin. -->","yoast_head_json":{"title":"Condiciones Generales de Compra - Cotton Little Things","robots":{"index":"index","follow":"follow","max-snippet":"max-snippet:-1","max-image-preview":"max-image-preview:large","max-video-preview":"max-video-preview:-1"},"canonical":"https:\/\/cottonlittlethings.com\/es\/condiciones-generales-de-compra\/","og_locale":"es_ES","og_type":"article","og_title":"Condiciones Generales de Compra - Cotton Little Things","og_description":"Inicio Condiciones Generales de Compra Plazo de entrega El tiempo de entrega depende de las referencias escogidas . Una vez procesemos tu pedido, te llegar\u00e1 un mail en el cual te diremos si tu pedidos sale el mismo d\u00eda, en un m\u00e1ximo de una semana o de 15 d\u00edas.\u200b Gastos de env\u00edo Nuestra tarifa de [&hellip;]","og_url":"https:\/\/cottonlittlethings.com\/es\/condiciones-generales-de-compra\/","og_site_name":"Cotton Little Things","article_publisher":"https:\/\/es-es.facebook.com\/pages\/category\/Baby-Goods-Kids-Goods\/CottonCo-Baby-Accessories-841958425980222\/","article_modified_time":"2023-10-31T19:37:13+00:00","twitter_card":"summary_large_image","twitter_misc":{"Tiempo de lectura":"2 minutos"},"schema":{"@context":"https:\/\/schema.org","@graph":[{"@type":"WebPage","@id":"https:\/\/cottonlittlethings.com\/es\/condiciones-generales-de-compra\/","url":"https:\/\/cottonlittlethings.com\/es\/condiciones-generales-de-compra\/","name":"Condiciones Generales de Compra - Cotton Little Things","isPartOf":{"@id":"https:\/\/cottonlittlethings.com\/es\/#website"},"datePublished":"2023-10-31T19:22:34+00:00","dateModified":"2023-10-31T19:37:13+00:00","breadcrumb":{"@id":"https:\/\/cottonlittlethings.com\/es\/condiciones-generales-de-compra\/#breadcrumb"},"inLanguage":"es","potentialAction":[{"@type":"ReadAction","target":["https:\/\/cottonlittlethings.com\/es\/condiciones-generales-de-compra\/"]}]},{"@type":"BreadcrumbList","@id":"https:\/\/cottonlittlethings.com\/es\/condiciones-generales-de-compra\/#breadcrumb","itemListElement":[{"@type":"ListItem","position":1,"name":"Home","item":"https:\/\/cottonlittlethings.com\/es\/"},{"@type":"ListItem","position":2,"name":"Condiciones Generales de Compra"}]},{"@type":"WebSite","@id":"https:\/\/cottonlittlethings.com\/es\/#website","url":"https:\/\/cottonlittlethings.com\/es\/","name":"Cotton Little Things","description":"Organic and mediterranean first things for babies","publisher":{"@id":"https:\/\/cottonlittlethings.com\/es\/#organization"},"potentialAction":[{"@type":"SearchAction","target":{"@type":"EntryPoint","urlTemplate":"https:\/\/cottonlittlethings.com\/es\/?s={search_term_string}"},"query-input":"required name=search_term_string"}],"inLanguage":"es"},{"@type":"Organization","@id":"https:\/\/cottonlittlethings.com\/es\/#organization","name":"Cotton Little Things","url":"https:\/\/cottonlittlethings.com\/es\/","logo":{"@type":"ImageObject","inLanguage":"es","@id":"https:\/\/cottonlittlethings.com\/es\/#\/schema\/logo\/image\/","url":"https:\/\/cottonlittlethings.com\/wp-content\/uploads\/2023\/10\/LOGO.png","contentUrl":"https:\/\/cottonlittlethings.com\/wp-content\/uploads\/2023\/10\/LOGO.png","width":322,"height":69,"caption":"Cotton Little Things"},"image":{"@id":"https:\/\/cottonlittlethings.com\/es\/#\/schema\/logo\/image\/"},"sameAs":["https:\/\/es-es.facebook.com\/pages\/category\/Baby-Goods-Kids-Goods\/CottonCo-Baby-Accessories-841958425980222\/","https:\/\/www.instagram.com\/cotton_littlethings\/"]}]}},"_links":{"self":[{"href":"https:\/\/cottonlittlethings.com\/es\/wp-json\/wp\/v2\/pages\/966","targetHints":{"allow":["GET"]}}],"collection":[{"href":"https:\/\/cottonlittlethings.com\/es\/wp-json\/wp\/v2\/pages"}],"about":[{"href":"https:\/\/cottonlittlethings.com\/es\/wp-json\/wp\/v2\/types\/page"}],"author":[{"embeddable":true,"href":"https:\/\/cottonlittlethings.com\/es\/wp-json\/wp\/v2\/users\/1"}],"replies":[{"embeddable":true,"href":"https:\/\/cottonlittlethings.com\/es\/wp-json\/wp\/v2\/comments?post=966"}],"version-history":[{"count":0,"href":"https:\/\/cottonlittlethings.com\/es\/wp-json\/wp\/v2\/pages\/966\/revisions"}],"wp:attachment":[{"href":"https:\/\/cottonlittlethings.com\/es\/wp-json\/wp\/v2\/media?parent=966"}],"curies":[{"name":"wp","href":"https:\/\/api.w.org\/{rel}","templated":true}]}}